{"id":540,"date":"2025-10-28T08:02:03","date_gmt":"2025-10-28T08:02:03","guid":{"rendered":"https:\/\/dorottyanadorfi.com\/?page_id=540"},"modified":"2026-02-11T18:11:48","modified_gmt":"2026-02-11T18:11:48","slug":"arak","status":"publish","type":"page","link":"https:\/\/dorottyanadorfi.com\/en\/arak\/","title":{"rendered":"Prices"},"content":{"rendered":"<div data-elementor-type=\"wp-page\" data-elementor-id=\"540\" class=\"elementor elementor-540\" data-elementor-post-type=\"page\">\n\t\t\t\t\t\t<section class=\"elementor-section elementor-top-section elementor-element elementor-element-634dcdf elementor-section-height-min-height elementor-section-boxed elementor-section-height-default elementor-section-items-middle\" data-id=\"634dcdf\" data-element_type=\"section\" data-e-type=\"section\" data-settings=\"{&quot;background_background&quot;:&quot;classic&quot;}\">\n\t\t\t\t\t\t\t<div class=\"elementor-background-overlay\"><\/div>\n\t\t\t\t\t\t\t<div class=\"elementor-container elementor-column-gap-no\">\n\t\t\t\t\t<div class=\"elementor-column elementor-col-100 elementor-top-column elementor-element elementor-element-504e2ae\" data-id=\"504e2ae\" data-element_type=\"column\" data-e-type=\"column\">\n\t\t\t<div class=\"elementor-widget-wrap elementor-element-populated\">\n\t\t\t\t\t\t<div class=\"elementor-element elementor-element-8508f36 elementor-invisible elementor-widget elementor-widget-heading\" data-id=\"8508f36\" data-element_type=\"widget\" data-e-type=\"widget\" data-settings=\"{&quot;_animation&quot;:&quot;fadeInDown&quot;}\" data-widget_type=\"heading.default\">\n\t\t\t\t<div class=\"elementor-widget-container\">\n\t\t\t\t\t<h6 class=\"elementor-heading-title elementor-size-default\">Quality is affordable<\/h6>\t\t\t\t<\/div>\n\t\t\t\t<\/div>\n\t\t\t\t<div class=\"elementor-element elementor-element-5efc851 elementor-invisible elementor-widget elementor-widget-heading\" data-id=\"5efc851\" data-element_type=\"widget\" data-e-type=\"widget\" data-settings=\"{&quot;_animation&quot;:&quot;fadeInUp&quot;}\" data-widget_type=\"heading.default\">\n\t\t\t\t<div class=\"elementor-widget-container\">\n\t\t\t\t\t<h2 class=\"elementor-heading-title elementor-size-default\">Prices<\/h2>\t\t\t\t<\/div>\n\t\t\t\t<\/div>\n\t\t\t\t\t<\/div>\n\t\t<\/div>\n\t\t\t\t\t<\/div>\n\t\t<\/section>\n\t\t<div class=\"elementor-element elementor-element-669d557 e-flex e-con-boxed e-con e-parent\" data-id=\"669d557\" data-element_type=\"container\" data-e-type=\"container\" data-settings=\"{&quot;background_background&quot;:&quot;classic&quot;}\">\n\t\t\t\t\t<div class=\"e-con-inner\">\n\t\t\t\t<div class=\"elementor-element elementor-element-e18802a elementor-widget elementor-widget-image\" data-id=\"e18802a\" data-element_type=\"widget\" data-e-type=\"widget\" data-widget_type=\"image.default\">\n\t\t\t\t<div class=\"elementor-widget-container\">\n\t\t\t\t\t\t\t\t\t\t\t\t\t\t\t<img fetchpriority=\"high\" decoding=\"async\" width=\"768\" height=\"1086\" src=\"https:\/\/dorottyanadorfi.com\/wp-content\/uploads\/2026\/02\/Dark-Green-Beauty-Spa-Salon-Price-List-Flyer-1-768x1086.png\" class=\"attachment-medium_large size-medium_large wp-image-1615\" alt=\"\" srcset=\"https:\/\/dorottyanadorfi.com\/wp-content\/uploads\/2026\/02\/Dark-Green-Beauty-Spa-Salon-Price-List-Flyer-1-768x1086.png 768w, https:\/\/dorottyanadorfi.com\/wp-content\/uploads\/2026\/02\/Dark-Green-Beauty-Spa-Salon-Price-List-Flyer-1-212x300.png 212w, https:\/\/dorottyanadorfi.com\/wp-content\/uploads\/2026\/02\/Dark-Green-Beauty-Spa-Salon-Price-List-Flyer-1-724x1024.png 724w, https:\/\/dorottyanadorfi.com\/wp-content\/uploads\/2026\/02\/Dark-Green-Beauty-Spa-Salon-Price-List-Flyer-1-1086x1536.png 1086w, https:\/\/dorottyanadorfi.com\/wp-content\/uploads\/2026\/02\/Dark-Green-Beauty-Spa-Salon-Price-List-Flyer-1-1448x2048.png 1448w, https:\/\/dorottyanadorfi.com\/wp-content\/uploads\/2026\/02\/Dark-Green-Beauty-Spa-Salon-Price-List-Flyer-1-8x12.png 8w, https:\/\/dorottyanadorfi.com\/wp-content\/uploads\/2026\/02\/Dark-Green-Beauty-Spa-Salon-Price-List-Flyer-1.png 1768w\" sizes=\"(max-width: 768px) 100vw, 768px\" \/>\t\t\t\t\t\t\t\t\t\t\t\t\t\t\t<\/div>\n\t\t\t\t<\/div>\n\t\t\t\t\t<\/div>\n\t\t\t\t<\/div>\n\t\t\t\t<\/div>","protected":false},"excerpt":{"rendered":"<p>A min\u0151s\u00e9g megfizethet\u0151 \u00c1rak<\/p>","protected":false},"author":1,"featured_media":0,"parent":0,"menu_order":0,"comment_status":"closed","ping_status":"closed","template":"elementor_header_footer","meta":{"footnotes":""},"class_list":["post-540","page","type-page","status-publish","hentry"],"yoast_head":"<!-- This site is optimized with the Yoast SEO plugin v27.3 - https:\/\/yoast.com\/product\/yoast-seo-wordpress\/ -->\n<title>\u00c1rak - N\u00e1dorfi Dorottya<\/title>\n<meta name=\"robots\" content=\"index, follow, max-snippet:-1, max-image-preview:large, max-video-preview:-1\" \/>\n<link rel=\"canonical\" href=\"https:\/\/dorottyanadorfi.com\/en\/arak\/\" \/>\n<meta property=\"og:locale\" content=\"en_US\" \/>\n<meta property=\"og:type\" content=\"article\" \/>\n<meta property=\"og:title\" content=\"\u00c1rak - N\u00e1dorfi Dorottya\" \/>\n<meta property=\"og:description\" content=\"A min\u0151s\u00e9g megfizethet\u0151 \u00c1rak\" \/>\n<meta property=\"og:url\" content=\"https:\/\/dorottyanadorfi.com\/en\/arak\/\" \/>\n<meta property=\"og:site_name\" content=\"N\u00e1dorfi Dorottya\" \/>\n<meta property=\"article:modified_time\" content=\"2026-02-11T18:11:48+00:00\" \/>\n<meta property=\"og:image\" content=\"https:\/\/dorottyanadorfi.com\/wp-content\/uploads\/2026\/02\/Dark-Green-Beauty-Spa-Salon-Price-List-Flyer-1.png\" \/>\n\t<meta property=\"og:image:width\" content=\"1768\" \/>\n\t<meta property=\"og:image:height\" content=\"2500\" \/>\n\t<meta property=\"og:image:type\" content=\"image\/png\" \/>\n<meta name=\"twitter:card\" content=\"summary_large_image\" \/>\n<meta name=\"twitter:label1\" content=\"Est. reading time\" \/>\n\t<meta name=\"twitter:data1\" content=\"1 minute\" \/>\n<script type=\"application\/ld+json\" class=\"yoast-schema-graph\">{\"@context\":\"https:\\\/\\\/schema.org\",\"@graph\":[{\"@type\":\"WebPage\",\"@id\":\"https:\\\/\\\/dorottyanadorfi.com\\\/arak\\\/\",\"url\":\"https:\\\/\\\/dorottyanadorfi.com\\\/arak\\\/\",\"name\":\"\u00c1rak - N\u00e1dorfi Dorottya\",\"isPartOf\":{\"@id\":\"https:\\\/\\\/dorottyanadorfi.com\\\/#website\"},\"primaryImageOfPage\":{\"@id\":\"https:\\\/\\\/dorottyanadorfi.com\\\/arak\\\/#primaryimage\"},\"image\":{\"@id\":\"https:\\\/\\\/dorottyanadorfi.com\\\/arak\\\/#primaryimage\"},\"thumbnailUrl\":\"https:\\\/\\\/dorottyanadorfi.com\\\/wp-content\\\/uploads\\\/2026\\\/02\\\/Dark-Green-Beauty-Spa-Salon-Price-List-Flyer-1-768x1086.png\",\"datePublished\":\"2025-10-28T08:02:03+00:00\",\"dateModified\":\"2026-02-11T18:11:48+00:00\",\"breadcrumb\":{\"@id\":\"https:\\\/\\\/dorottyanadorfi.com\\\/arak\\\/#breadcrumb\"},\"inLanguage\":\"en-US\",\"potentialAction\":[{\"@type\":\"ReadAction\",\"target\":[\"https:\\\/\\\/dorottyanadorfi.com\\\/arak\\\/\"]}]},{\"@type\":\"ImageObject\",\"inLanguage\":\"en-US\",\"@id\":\"https:\\\/\\\/dorottyanadorfi.com\\\/arak\\\/#primaryimage\",\"url\":\"https:\\\/\\\/dorottyanadorfi.com\\\/wp-content\\\/uploads\\\/2026\\\/02\\\/Dark-Green-Beauty-Spa-Salon-Price-List-Flyer-1-768x1086.png\",\"contentUrl\":\"https:\\\/\\\/dorottyanadorfi.com\\\/wp-content\\\/uploads\\\/2026\\\/02\\\/Dark-Green-Beauty-Spa-Salon-Price-List-Flyer-1-768x1086.png\"},{\"@type\":\"BreadcrumbList\",\"@id\":\"https:\\\/\\\/dorottyanadorfi.com\\\/arak\\\/#breadcrumb\",\"itemListElement\":[{\"@type\":\"ListItem\",\"position\":1,\"name\":\"Home\",\"item\":\"https:\\\/\\\/dorottyanadorfi.com\\\/\"},{\"@type\":\"ListItem\",\"position\":2,\"name\":\"\u00c1rak\"}]},{\"@type\":\"WebSite\",\"@id\":\"https:\\\/\\\/dorottyanadorfi.com\\\/#website\",\"url\":\"https:\\\/\\\/dorottyanadorfi.com\\\/\",\"name\":\"N\u00e1dorfi Dorottya\",\"description\":\"Szem\u00f6ld\u00f6ktetov\u00e1l\u00e1s az id\u0151t\u00e1ll\u00f3 sz\u00e9ps\u00e9g\u00e9rt, term\u00e9szetesen\",\"publisher\":{\"@id\":\"https:\\\/\\\/dorottyanadorfi.com\\\/#organization\"},\"potentialAction\":[{\"@type\":\"SearchAction\",\"target\":{\"@type\":\"EntryPoint\",\"urlTemplate\":\"https:\\\/\\\/dorottyanadorfi.com\\\/?s={search_term_string}\"},\"query-input\":{\"@type\":\"PropertyValueSpecification\",\"valueRequired\":true,\"valueName\":\"search_term_string\"}}],\"inLanguage\":\"en-US\"},{\"@type\":\"Organization\",\"@id\":\"https:\\\/\\\/dorottyanadorfi.com\\\/#organization\",\"name\":\"N\u00e1dorfi Dorottya\",\"url\":\"https:\\\/\\\/dorottyanadorfi.com\\\/\",\"logo\":{\"@type\":\"ImageObject\",\"inLanguage\":\"en-US\",\"@id\":\"https:\\\/\\\/dorottyanadorfi.com\\\/#\\\/schema\\\/logo\\\/image\\\/\",\"url\":\"https:\\\/\\\/dorottyanadorfi.com\\\/wp-content\\\/uploads\\\/2025\\\/10\\\/4.png\",\"contentUrl\":\"https:\\\/\\\/dorottyanadorfi.com\\\/wp-content\\\/uploads\\\/2025\\\/10\\\/4.png\",\"width\":1000,\"height\":1000,\"caption\":\"N\u00e1dorfi Dorottya\"},\"image\":{\"@id\":\"https:\\\/\\\/dorottyanadorfi.com\\\/#\\\/schema\\\/logo\\\/image\\\/\"}}]}<\/script>\n<!-- \/ Yoast SEO plugin. -->","yoast_head_json":{"title":"\u00c1rak - N\u00e1dorfi Dorottya","robots":{"index":"index","follow":"follow","max-snippet":"max-snippet:-1","max-image-preview":"max-image-preview:large","max-video-preview":"max-video-preview:-1"},"canonical":"https:\/\/dorottyanadorfi.com\/en\/arak\/","og_locale":"en_US","og_type":"article","og_title":"\u00c1rak - N\u00e1dorfi Dorottya","og_description":"A min\u0151s\u00e9g megfizethet\u0151 \u00c1rak","og_url":"https:\/\/dorottyanadorfi.com\/en\/arak\/","og_site_name":"N\u00e1dorfi Dorottya","article_modified_time":"2026-02-11T18:11:48+00:00","og_image":[{"width":1768,"height":2500,"url":"https:\/\/dorottyanadorfi.com\/wp-content\/uploads\/2026\/02\/Dark-Green-Beauty-Spa-Salon-Price-List-Flyer-1.png","type":"image\/png"}],"twitter_card":"summary_large_image","twitter_misc":{"Est. reading time":"1 minute"},"schema":{"@context":"https:\/\/schema.org","@graph":[{"@type":"WebPage","@id":"https:\/\/dorottyanadorfi.com\/arak\/","url":"https:\/\/dorottyanadorfi.com\/arak\/","name":"\u00c1rak - N\u00e1dorfi Dorottya","isPartOf":{"@id":"https:\/\/dorottyanadorfi.com\/#website"},"primaryImageOfPage":{"@id":"https:\/\/dorottyanadorfi.com\/arak\/#primaryimage"},"image":{"@id":"https:\/\/dorottyanadorfi.com\/arak\/#primaryimage"},"thumbnailUrl":"https:\/\/dorottyanadorfi.com\/wp-content\/uploads\/2026\/02\/Dark-Green-Beauty-Spa-Salon-Price-List-Flyer-1-768x1086.png","datePublished":"2025-10-28T08:02:03+00:00","dateModified":"2026-02-11T18:11:48+00:00","breadcrumb":{"@id":"https:\/\/dorottyanadorfi.com\/arak\/#breadcrumb"},"inLanguage":"en-US","potentialAction":[{"@type":"ReadAction","target":["https:\/\/dorottyanadorfi.com\/arak\/"]}]},{"@type":"ImageObject","inLanguage":"en-US","@id":"https:\/\/dorottyanadorfi.com\/arak\/#primaryimage","url":"https:\/\/dorottyanadorfi.com\/wp-content\/uploads\/2026\/02\/Dark-Green-Beauty-Spa-Salon-Price-List-Flyer-1-768x1086.png","contentUrl":"https:\/\/dorottyanadorfi.com\/wp-content\/uploads\/2026\/02\/Dark-Green-Beauty-Spa-Salon-Price-List-Flyer-1-768x1086.png"},{"@type":"BreadcrumbList","@id":"https:\/\/dorottyanadorfi.com\/arak\/#breadcrumb","itemListElement":[{"@type":"ListItem","position":1,"name":"Home","item":"https:\/\/dorottyanadorfi.com\/"},{"@type":"ListItem","position":2,"name":"\u00c1rak"}]},{"@type":"WebSite","@id":"https:\/\/dorottyanadorfi.com\/#website","url":"https:\/\/dorottyanadorfi.com\/","name":"Dorottya N\u00e1dorfi","description":"Eyebrow tattooing for timeless beauty, naturally","publisher":{"@id":"https:\/\/dorottyanadorfi.com\/#organization"},"potentialAction":[{"@type":"SearchAction","target":{"@type":"EntryPoint","urlTemplate":"https:\/\/dorottyanadorfi.com\/?s={search_term_string}"},"query-input":{"@type":"PropertyValueSpecification","valueRequired":true,"valueName":"search_term_string"}}],"inLanguage":"en-US"},{"@type":"Organization","@id":"https:\/\/dorottyanadorfi.com\/#organization","name":"Dorottya N\u00e1dorfi","url":"https:\/\/dorottyanadorfi.com\/","logo":{"@type":"ImageObject","inLanguage":"en-US","@id":"https:\/\/dorottyanadorfi.com\/#\/schema\/logo\/image\/","url":"https:\/\/dorottyanadorfi.com\/wp-content\/uploads\/2025\/10\/4.png","contentUrl":"https:\/\/dorottyanadorfi.com\/wp-content\/uploads\/2025\/10\/4.png","width":1000,"height":1000,"caption":"N\u00e1dorfi Dorottya"},"image":{"@id":"https:\/\/dorottyanadorfi.com\/#\/schema\/logo\/image\/"}}]}},"_links":{"self":[{"href":"https:\/\/dorottyanadorfi.com\/en\/wp-json\/wp\/v2\/pages\/540","targetHints":{"allow":["GET"]}}],"collection":[{"href":"https:\/\/dorottyanadorfi.com\/en\/wp-json\/wp\/v2\/pages"}],"about":[{"href":"https:\/\/dorottyanadorfi.com\/en\/wp-json\/wp\/v2\/types\/page"}],"author":[{"embeddable":true,"href":"https:\/\/dorottyanadorfi.com\/en\/wp-json\/wp\/v2\/users\/1"}],"replies":[{"embeddable":true,"href":"https:\/\/dorottyanadorfi.com\/en\/wp-json\/wp\/v2\/comments?post=540"}],"version-history":[{"count":34,"href":"https:\/\/dorottyanadorfi.com\/en\/wp-json\/wp\/v2\/pages\/540\/revisions"}],"predecessor-version":[{"id":1621,"href":"https:\/\/dorottyanadorfi.com\/en\/wp-json\/wp\/v2\/pages\/540\/revisions\/1621"}],"wp:attachment":[{"href":"https:\/\/dorottyanadorfi.com\/en\/wp-json\/wp\/v2\/media?parent=540"}],"curies":[{"name":"wp","href":"https:\/\/api.w.org\/{rel}","templated":true}]}}