{"id":810,"date":"2025-11-03T15:34:25","date_gmt":"2025-11-03T15:34:25","guid":{"rendered":"https:\/\/dorottyanadorfi.com\/?page_id=810"},"modified":"2026-01-03T13:39:44","modified_gmt":"2026-01-03T13:39:44","slug":"rolam","status":"publish","type":"page","link":"https:\/\/dorottyanadorfi.com\/en\/rolam\/","title":{"rendered":"About me"},"content":{"rendered":"<div data-elementor-type=\"wp-page\" data-elementor-id=\"810\" class=\"elementor elementor-810\" data-elementor-post-type=\"page\">\n\t\t\t\t\t\t<section class=\"elementor-section elementor-top-section elementor-element elementor-element-2d1eab4 elementor-section-height-min-height elementor-section-boxed elementor-section-height-default elementor-section-items-middle\" data-id=\"2d1eab4\" data-element_type=\"section\" data-e-type=\"section\" data-settings=\"{&quot;background_background&quot;:&quot;classic&quot;}\">\n\t\t\t\t\t\t\t<div class=\"elementor-background-overlay\"><\/div>\n\t\t\t\t\t\t\t<div class=\"elementor-container elementor-column-gap-no\">\n\t\t\t\t\t<div class=\"elementor-column elementor-col-100 elementor-top-column elementor-element elementor-element-56965b5\" data-id=\"56965b5\" data-element_type=\"column\" data-e-type=\"column\">\n\t\t\t<div class=\"elementor-widget-wrap elementor-element-populated\">\n\t\t\t\t\t\t\t<\/div>\n\t\t<\/div>\n\t\t\t\t\t<\/div>\n\t\t<\/section>\n\t\t\t\t<section class=\"elementor-section elementor-top-section elementor-element elementor-element-84168de elementor-section-boxed elementor-section-height-default elementor-section-height-default\" data-id=\"84168de\" data-element_type=\"section\" data-e-type=\"section\" data-settings=\"{&quot;background_background&quot;:&quot;classic&quot;}\">\n\t\t\t\t\t\t<div class=\"elementor-container elementor-column-gap-no\">\n\t\t\t\t\t<div class=\"elementor-column elementor-col-50 elementor-top-column elementor-element elementor-element-08b0180\" data-id=\"08b0180\" data-element_type=\"column\" data-e-type=\"column\" data-settings=\"{&quot;background_background&quot;:&quot;classic&quot;}\">\n\t\t\t<div class=\"elementor-widget-wrap elementor-element-populated\">\n\t\t\t\t\t\t<div class=\"elementor-element elementor-element-bf4b846 elementor-invisible elementor-widget elementor-widget-image\" data-id=\"bf4b846\" data-element_type=\"widget\" data-e-type=\"widget\" data-settings=\"{&quot;_animation&quot;:&quot;fadeInDown&quot;}\" data-widget_type=\"image.default\">\n\t\t\t\t<div class=\"elementor-widget-container\">\n\t\t\t\t\t\t\t\t\t\t\t\t\t\t\t<img fetchpriority=\"high\" decoding=\"async\" width=\"742\" height=\"1113\" src=\"https:\/\/dorottyanadorfi.com\/wp-content\/uploads\/2025\/10\/Nadorffy-Dorottya-Sminktetovalo.webp\" class=\"attachment-full size-full wp-image-237\" alt=\"\" srcset=\"https:\/\/dorottyanadorfi.com\/wp-content\/uploads\/2025\/10\/Nadorffy-Dorottya-Sminktetovalo.webp 742w, https:\/\/dorottyanadorfi.com\/wp-content\/uploads\/2025\/10\/Nadorffy-Dorottya-Sminktetovalo-200x300.webp 200w, https:\/\/dorottyanadorfi.com\/wp-content\/uploads\/2025\/10\/Nadorffy-Dorottya-Sminktetovalo-683x1024.webp 683w\" sizes=\"(max-width: 742px) 100vw, 742px\" \/>\t\t\t\t\t\t\t\t\t\t\t\t\t\t\t<\/div>\n\t\t\t\t<\/div>\n\t\t\t\t\t<\/div>\n\t\t<\/div>\n\t\t\t\t<div class=\"elementor-column elementor-col-50 elementor-top-column elementor-element elementor-element-04f5c56\" data-id=\"04f5c56\" data-element_type=\"column\" data-e-type=\"column\" data-settings=\"{&quot;background_background&quot;:&quot;classic&quot;}\">\n\t\t\t<div class=\"elementor-widget-wrap elementor-element-populated\">\n\t\t\t\t\t\t<section class=\"elementor-section elementor-inner-section elementor-element elementor-element-fa6f468 elementor-section-boxed elementor-section-height-default elementor-section-height-default\" data-id=\"fa6f468\" data-element_type=\"section\" data-e-type=\"section\">\n\t\t\t\t\t\t<div class=\"elementor-container elementor-column-gap-no\">\n\t\t\t\t\t<div class=\"elementor-column elementor-col-100 elementor-inner-column elementor-element elementor-element-5766a95\" data-id=\"5766a95\" data-element_type=\"column\" data-e-type=\"column\">\n\t\t\t<div class=\"elementor-widget-wrap elementor-element-populated\">\n\t\t\t\t\t\t<div class=\"elementor-element elementor-element-7f8173a elementor-widget elementor-widget-heading\" data-id=\"7f8173a\" data-element_type=\"widget\" data-e-type=\"widget\" data-widget_type=\"heading.default\">\n\t\t\t\t<div class=\"elementor-widget-container\">\n\t\t\t\t\t<h6 class=\"elementor-heading-title elementor-size-default\">About me<\/h6>\t\t\t\t<\/div>\n\t\t\t\t<\/div>\n\t\t\t\t<div class=\"elementor-element elementor-element-92f2997 elementor-invisible elementor-widget elementor-widget-heading\" data-id=\"92f2997\" data-element_type=\"widget\" data-e-type=\"widget\" data-settings=\"{&quot;_animation&quot;:&quot;fadeInUp&quot;}\" data-widget_type=\"heading.default\">\n\t\t\t\t<div class=\"elementor-widget-container\">\n\t\t\t\t\t<h2 class=\"elementor-heading-title elementor-size-default\">Dorottya N\u00e1dorfi<\/h2>\t\t\t\t<\/div>\n\t\t\t\t<\/div>\n\t\t\t\t<div class=\"elementor-element elementor-element-5067817 elementor-invisible elementor-widget elementor-widget-text-editor\" data-id=\"5067817\" data-element_type=\"widget\" data-e-type=\"widget\" data-settings=\"{&quot;_animation&quot;:&quot;fadeInDown&quot;}\" data-widget_type=\"text-editor.default\">\n\t\t\t\t<div class=\"elementor-widget-container\">\n\t\t\t\t\t\t\t\t\t<p><b>Beauty and creative expression have been with me since childhood - now I can do what I love as a make-up tattoo artist.\u00a0<\/b><\/p><p><span style=\"font-weight: 400;\">After 8 years of living and working abroad, it was a conscious decision to return home to finally dedicate myself to what has always been a defining part of my life: creating precise, clean and natural beauty.<\/span><\/p><p>I learned make-up tattooing at the M\u00e9hn T\u00fcnde PMU Art School, where I not only received high quality professional knowledge, but also a set of values. Confirmation that naturalness is not a passing fad, but a principle, and for me the only acceptable direction.\u00a0<\/p>\t\t\t\t\t\t\t\t<\/div>\n\t\t\t\t<\/div>\n\t\t\t\t<div class=\"elementor-element elementor-element-05cd178 elementor-invisible elementor-widget elementor-widget-button\" data-id=\"05cd178\" data-element_type=\"widget\" data-e-type=\"widget\" data-settings=\"{&quot;_animation&quot;:&quot;fadeIn&quot;}\" data-widget_type=\"button.default\">\n\t\t\t\t<div class=\"elementor-widget-container\">\n\t\t\t\t\t\t\t\t\t<div class=\"elementor-button-wrapper\">\n\t\t\t\t\t<a class=\"elementor-button elementor-button-link elementor-size-sm elementor-animation-bob\" href=\"https:\/\/dorottyanadorfi.com\/en\/idopontfoglalas\/\">\n\t\t\t\t\t\t<span class=\"elementor-button-content-wrapper\">\n\t\t\t\t\t\t<span class=\"elementor-button-icon\">\n\t\t\t\t<svg aria-hidden=\"true\" class=\"e-font-icon-svg e-fas-angle-right\" viewbox=\"0 0 256 512\" xmlns=\"http:\/\/www.w3.org\/2000\/svg\"><path d=\"M224.3 273l-136 136c-9.4 9.4-24.6 9.4-33.9 0l-22.6-22.6c-9.4-9.4-9.4-24.6 0-33.9l96.4-96.4-96.4-96.4c-9.4-9.4-9.4-24.6 0-33.9L54.3 103c9.4-9.4 24.6-9.4 33.9 0l136 136c9.5 9.4 9.5 24.6.1 34z\"><\/path><\/svg>\t\t\t<\/span>\n\t\t\t\t\t\t\t\t\t<span class=\"elementor-button-text\">Booking<\/span>\n\t\t\t\t\t<\/span>\n\t\t\t\t\t<\/a>\n\t\t\t\t<\/div>\n\t\t\t\t\t\t\t\t<\/div>\n\t\t\t\t<\/div>\n\t\t\t\t\t<\/div>\n\t\t<\/div>\n\t\t\t\t\t<\/div>\n\t\t<\/section>\n\t\t\t\t\t<\/div>\n\t\t<\/div>\n\t\t\t\t\t<\/div>\n\t\t<\/section>\n\t\t\t\t<section class=\"elementor-section elementor-top-section elementor-element elementor-element-51771c4 elementor-section-boxed elementor-section-height-default elementor-section-height-default\" data-id=\"51771c4\" data-element_type=\"section\" data-e-type=\"section\" data-settings=\"{&quot;background_background&quot;:&quot;classic&quot;}\">\n\t\t\t\t\t\t<div class=\"elementor-container elementor-column-gap-no\">\n\t\t\t\t\t<div class=\"elementor-column elementor-col-50 elementor-top-column elementor-element elementor-element-1581d3d\" data-id=\"1581d3d\" data-element_type=\"column\" data-e-type=\"column\">\n\t\t\t<div class=\"elementor-widget-wrap elementor-element-populated\">\n\t\t\t\t\t\t<div class=\"elementor-element elementor-element-08b59c9 elementor-invisible elementor-widget elementor-widget-heading\" data-id=\"08b59c9\" data-element_type=\"widget\" data-e-type=\"widget\" data-settings=\"{&quot;_animation&quot;:&quot;fadeInUp&quot;}\" data-widget_type=\"heading.default\">\n\t\t\t\t<div class=\"elementor-widget-container\">\n\t\t\t\t\t<h2 class=\"elementor-heading-title elementor-size-default\">Fine lines, big change<\/h2>\t\t\t\t<\/div>\n\t\t\t\t<\/div>\n\t\t\t\t<div class=\"elementor-element elementor-element-422b42b elementor-invisible elementor-widget elementor-widget-heading\" data-id=\"422b42b\" data-element_type=\"widget\" data-e-type=\"widget\" data-settings=\"{&quot;_animation&quot;:&quot;fadeInDown&quot;}\" data-widget_type=\"heading.default\">\n\t\t\t\t<div class=\"elementor-widget-container\">\n\t\t\t\t\t<div class=\"elementor-heading-title elementor-size-default\">I believe that a well-designed, subtly executed tattoo can create harmony on the face without dominating it. Each piece starts with a custom design, taking into account face shape, skin type, color and personality. <br>\n <br>\n\n\nI carry out my treatments in my own studio, where I am welcomed in a relaxed, friendly environment. A space where all my clients receive my exclusive attention. For me, this is not routine work, but a trusting process where I not only beautify, but also give you confidence.\n<\/div>\t\t\t\t<\/div>\n\t\t\t\t<\/div>\n\t\t\t\t\t<\/div>\n\t\t<\/div>\n\t\t\t\t<div class=\"elementor-column elementor-col-50 elementor-top-column elementor-element elementor-element-fc9e7f6\" data-id=\"fc9e7f6\" data-element_type=\"column\" data-e-type=\"column\">\n\t\t\t<div class=\"elementor-widget-wrap elementor-element-populated\">\n\t\t\t\t\t\t<section class=\"elementor-section elementor-inner-section elementor-element elementor-element-5dd5c7c elementor-section-boxed elementor-section-height-default elementor-section-height-default\" data-id=\"5dd5c7c\" data-element_type=\"section\" data-e-type=\"section\">\n\t\t\t\t\t\t<div class=\"elementor-container elementor-column-gap-no\">\n\t\t\t\t\t<div class=\"elementor-column elementor-col-100 elementor-inner-column elementor-element elementor-element-6b33b79\" data-id=\"6b33b79\" data-element_type=\"column\" data-e-type=\"column\">\n\t\t\t<div class=\"elementor-widget-wrap elementor-element-populated\">\n\t\t\t\t\t\t<div class=\"elementor-element elementor-element-d5b129c elementor-invisible elementor-widget elementor-widget-image\" data-id=\"d5b129c\" data-element_type=\"widget\" data-e-type=\"widget\" data-settings=\"{&quot;_animation&quot;:&quot;fadeInUp&quot;}\" data-widget_type=\"image.default\">\n\t\t\t\t<div class=\"elementor-widget-container\">\n\t\t\t\t\t\t\t\t\t\t\t\t\t\t\t<img decoding=\"async\" width=\"800\" height=\"534\" src=\"https:\/\/dorottyanadorfi.com\/wp-content\/uploads\/2025\/10\/Nadorfi-Dorottya-szemoldok-tetovalo-muvesz-szalon-1024x683.webp\" class=\"attachment-large size-large wp-image-517\" alt=\"\" srcset=\"https:\/\/dorottyanadorfi.com\/wp-content\/uploads\/2025\/10\/Nadorfi-Dorottya-szemoldok-tetovalo-muvesz-szalon-1024x683.webp 1024w, https:\/\/dorottyanadorfi.com\/wp-content\/uploads\/2025\/10\/Nadorfi-Dorottya-szemoldok-tetovalo-muvesz-szalon-300x200.webp 300w, https:\/\/dorottyanadorfi.com\/wp-content\/uploads\/2025\/10\/Nadorfi-Dorottya-szemoldok-tetovalo-muvesz-szalon-768x512.webp 768w, https:\/\/dorottyanadorfi.com\/wp-content\/uploads\/2025\/10\/Nadorfi-Dorottya-szemoldok-tetovalo-muvesz-szalon-1536x1025.webp 1536w, https:\/\/dorottyanadorfi.com\/wp-content\/uploads\/2025\/10\/Nadorfi-Dorottya-szemoldok-tetovalo-muvesz-szalon.webp 1920w\" sizes=\"(max-width: 800px) 100vw, 800px\" \/>\t\t\t\t\t\t\t\t\t\t\t\t\t\t\t<\/div>\n\t\t\t\t<\/div>\n\t\t\t\t\t<\/div>\n\t\t<\/div>\n\t\t\t\t\t<\/div>\n\t\t<\/section>\n\t\t\t\t\t<\/div>\n\t\t<\/div>\n\t\t\t\t\t<\/div>\n\t\t<\/section>\n\t\t\t\t<\/div>","protected":false},"excerpt":{"rendered":"<p>R\u00f3lam N\u00e1dorfi Dorottya A sz\u00e9ps\u00e9gipar \u00e9s a kreat\u00edv \u00f6nkifejez\u00e9s gyerekkorom \u00f3ta elk\u00eds\u00e9r &#8211; ma m\u00e1r sminktetov\u00e1l\u00f3k\u00e9nt val\u00f3s\u00edthatom meg mindazt, ami igaz\u00e1n k\u00f6zel \u00e1ll hozz\u00e1m.\u00a0 8 \u00e9v k\u00fclf\u00f6ldi \u00e9let \u00e9s munka ut\u00e1n tudatos d\u00f6nt\u00e9s volt hazat\u00e9rni, hogy v\u00e9gre annak szentelhessem magam, ami mindig is meghat\u00e1roz\u00f3 r\u00e9sze volt az \u00e9letemnek: a prec\u00edz, letisztult \u00e9s term\u00e9szetes sz\u00e9ps\u00e9g megteremt\u00e9s\u00e9nek. [&hellip;]<\/p>\n","protected":false},"author":1,"featured_media":0,"parent":0,"menu_order":0,"comment_status":"closed","ping_status":"closed","template":"elementor_header_footer","meta":{"footnotes":""},"class_list":["post-810","page","type-page","status-publish","hentry"],"yoast_head":"<!-- This site is optimized with the Yoast SEO plugin v27.3 - https:\/\/yoast.com\/product\/yoast-seo-wordpress\/ -->\n<title>R\u00f3lam - N\u00e1dorfi Dorottya<\/title>\n<meta name=\"robots\" content=\"index, follow, max-snippet:-1, max-image-preview:large, max-video-preview:-1\" \/>\n<link rel=\"canonical\" href=\"https:\/\/dorottyanadorfi.com\/en\/rolam\/\" \/>\n<meta property=\"og:locale\" content=\"en_US\" \/>\n<meta property=\"og:type\" content=\"article\" \/>\n<meta property=\"og:title\" content=\"R\u00f3lam - N\u00e1dorfi Dorottya\" \/>\n<meta property=\"og:description\" content=\"R\u00f3lam N\u00e1dorfi Dorottya A sz\u00e9ps\u00e9gipar \u00e9s a kreat\u00edv \u00f6nkifejez\u00e9s gyerekkorom \u00f3ta elk\u00eds\u00e9r &#8211; ma m\u00e1r sminktetov\u00e1l\u00f3k\u00e9nt val\u00f3s\u00edthatom meg mindazt, ami igaz\u00e1n k\u00f6zel \u00e1ll hozz\u00e1m.\u00a0 8 \u00e9v k\u00fclf\u00f6ldi \u00e9let \u00e9s munka ut\u00e1n tudatos d\u00f6nt\u00e9s volt hazat\u00e9rni, hogy v\u00e9gre annak szentelhessem magam, ami mindig is meghat\u00e1roz\u00f3 r\u00e9sze volt az \u00e9letemnek: a prec\u00edz, letisztult \u00e9s term\u00e9szetes sz\u00e9ps\u00e9g megteremt\u00e9s\u00e9nek. [&hellip;]\" \/>\n<meta property=\"og:url\" content=\"https:\/\/dorottyanadorfi.com\/en\/rolam\/\" \/>\n<meta property=\"og:site_name\" content=\"N\u00e1dorfi Dorottya\" \/>\n<meta property=\"article:modified_time\" content=\"2026-01-03T13:39:44+00:00\" \/>\n<meta property=\"og:image\" content=\"https:\/\/dorottyanadorfi.com\/wp-content\/uploads\/2025\/10\/Nadorffy-Dorottya-Sminktetovalo.webp\" \/>\n\t<meta property=\"og:image:width\" content=\"742\" \/>\n\t<meta property=\"og:image:height\" content=\"1113\" \/>\n\t<meta property=\"og:image:type\" content=\"image\/webp\" \/>\n<meta name=\"twitter:card\" content=\"summary_large_image\" \/>\n<meta name=\"twitter:label1\" content=\"Est. reading time\" \/>\n\t<meta name=\"twitter:data1\" content=\"2 minutes\" \/>\n<script type=\"application\/ld+json\" class=\"yoast-schema-graph\">{\"@context\":\"https:\\\/\\\/schema.org\",\"@graph\":[{\"@type\":\"WebPage\",\"@id\":\"https:\\\/\\\/dorottyanadorfi.com\\\/rolam\\\/\",\"url\":\"https:\\\/\\\/dorottyanadorfi.com\\\/rolam\\\/\",\"name\":\"R\u00f3lam - N\u00e1dorfi Dorottya\",\"isPartOf\":{\"@id\":\"https:\\\/\\\/dorottyanadorfi.com\\\/#website\"},\"primaryImageOfPage\":{\"@id\":\"https:\\\/\\\/dorottyanadorfi.com\\\/rolam\\\/#primaryimage\"},\"image\":{\"@id\":\"https:\\\/\\\/dorottyanadorfi.com\\\/rolam\\\/#primaryimage\"},\"thumbnailUrl\":\"https:\\\/\\\/dorottyanadorfi.com\\\/wp-content\\\/uploads\\\/2025\\\/10\\\/Nadorffy-Dorottya-Sminktetovalo.webp\",\"datePublished\":\"2025-11-03T15:34:25+00:00\",\"dateModified\":\"2026-01-03T13:39:44+00:00\",\"breadcrumb\":{\"@id\":\"https:\\\/\\\/dorottyanadorfi.com\\\/rolam\\\/#breadcrumb\"},\"inLanguage\":\"en-US\",\"potentialAction\":[{\"@type\":\"ReadAction\",\"target\":[\"https:\\\/\\\/dorottyanadorfi.com\\\/rolam\\\/\"]}]},{\"@type\":\"ImageObject\",\"inLanguage\":\"en-US\",\"@id\":\"https:\\\/\\\/dorottyanadorfi.com\\\/rolam\\\/#primaryimage\",\"url\":\"https:\\\/\\\/dorottyanadorfi.com\\\/wp-content\\\/uploads\\\/2025\\\/10\\\/Nadorffy-Dorottya-Sminktetovalo.webp\",\"contentUrl\":\"https:\\\/\\\/dorottyanadorfi.com\\\/wp-content\\\/uploads\\\/2025\\\/10\\\/Nadorffy-Dorottya-Sminktetovalo.webp\"},{\"@type\":\"BreadcrumbList\",\"@id\":\"https:\\\/\\\/dorottyanadorfi.com\\\/rolam\\\/#breadcrumb\",\"itemListElement\":[{\"@type\":\"ListItem\",\"position\":1,\"name\":\"Home\",\"item\":\"https:\\\/\\\/dorottyanadorfi.com\\\/\"},{\"@type\":\"ListItem\",\"position\":2,\"name\":\"R\u00f3lam\"}]},{\"@type\":\"WebSite\",\"@id\":\"https:\\\/\\\/dorottyanadorfi.com\\\/#website\",\"url\":\"https:\\\/\\\/dorottyanadorfi.com\\\/\",\"name\":\"N\u00e1dorfi Dorottya\",\"description\":\"Szem\u00f6ld\u00f6ktetov\u00e1l\u00e1s az id\u0151t\u00e1ll\u00f3 sz\u00e9ps\u00e9g\u00e9rt, term\u00e9szetesen\",\"publisher\":{\"@id\":\"https:\\\/\\\/dorottyanadorfi.com\\\/#organization\"},\"potentialAction\":[{\"@type\":\"SearchAction\",\"target\":{\"@type\":\"EntryPoint\",\"urlTemplate\":\"https:\\\/\\\/dorottyanadorfi.com\\\/?s={search_term_string}\"},\"query-input\":{\"@type\":\"PropertyValueSpecification\",\"valueRequired\":true,\"valueName\":\"search_term_string\"}}],\"inLanguage\":\"en-US\"},{\"@type\":\"Organization\",\"@id\":\"https:\\\/\\\/dorottyanadorfi.com\\\/#organization\",\"name\":\"N\u00e1dorfi Dorottya\",\"url\":\"https:\\\/\\\/dorottyanadorfi.com\\\/\",\"logo\":{\"@type\":\"ImageObject\",\"inLanguage\":\"en-US\",\"@id\":\"https:\\\/\\\/dorottyanadorfi.com\\\/#\\\/schema\\\/logo\\\/image\\\/\",\"url\":\"https:\\\/\\\/dorottyanadorfi.com\\\/wp-content\\\/uploads\\\/2025\\\/10\\\/4.png\",\"contentUrl\":\"https:\\\/\\\/dorottyanadorfi.com\\\/wp-content\\\/uploads\\\/2025\\\/10\\\/4.png\",\"width\":1000,\"height\":1000,\"caption\":\"N\u00e1dorfi Dorottya\"},\"image\":{\"@id\":\"https:\\\/\\\/dorottyanadorfi.com\\\/#\\\/schema\\\/logo\\\/image\\\/\"}}]}<\/script>\n<!-- \/ Yoast SEO plugin. -->","yoast_head_json":{"title":"R\u00f3lam - N\u00e1dorfi Dorottya","robots":{"index":"index","follow":"follow","max-snippet":"max-snippet:-1","max-image-preview":"max-image-preview:large","max-video-preview":"max-video-preview:-1"},"canonical":"https:\/\/dorottyanadorfi.com\/en\/rolam\/","og_locale":"en_US","og_type":"article","og_title":"R\u00f3lam - N\u00e1dorfi Dorottya","og_description":"R\u00f3lam N\u00e1dorfi Dorottya A sz\u00e9ps\u00e9gipar \u00e9s a kreat\u00edv \u00f6nkifejez\u00e9s gyerekkorom \u00f3ta elk\u00eds\u00e9r &#8211; ma m\u00e1r sminktetov\u00e1l\u00f3k\u00e9nt val\u00f3s\u00edthatom meg mindazt, ami igaz\u00e1n k\u00f6zel \u00e1ll hozz\u00e1m.\u00a0 8 \u00e9v k\u00fclf\u00f6ldi \u00e9let \u00e9s munka ut\u00e1n tudatos d\u00f6nt\u00e9s volt hazat\u00e9rni, hogy v\u00e9gre annak szentelhessem magam, ami mindig is meghat\u00e1roz\u00f3 r\u00e9sze volt az \u00e9letemnek: a prec\u00edz, letisztult \u00e9s term\u00e9szetes sz\u00e9ps\u00e9g megteremt\u00e9s\u00e9nek. [&hellip;]","og_url":"https:\/\/dorottyanadorfi.com\/en\/rolam\/","og_site_name":"N\u00e1dorfi Dorottya","article_modified_time":"2026-01-03T13:39:44+00:00","og_image":[{"width":742,"height":1113,"url":"https:\/\/dorottyanadorfi.com\/wp-content\/uploads\/2025\/10\/Nadorffy-Dorottya-Sminktetovalo.webp","type":"image\/webp"}],"twitter_card":"summary_large_image","twitter_misc":{"Est. reading time":"2 minutes"},"schema":{"@context":"https:\/\/schema.org","@graph":[{"@type":"WebPage","@id":"https:\/\/dorottyanadorfi.com\/rolam\/","url":"https:\/\/dorottyanadorfi.com\/rolam\/","name":"R\u00f3lam - N\u00e1dorfi Dorottya","isPartOf":{"@id":"https:\/\/dorottyanadorfi.com\/#website"},"primaryImageOfPage":{"@id":"https:\/\/dorottyanadorfi.com\/rolam\/#primaryimage"},"image":{"@id":"https:\/\/dorottyanadorfi.com\/rolam\/#primaryimage"},"thumbnailUrl":"https:\/\/dorottyanadorfi.com\/wp-content\/uploads\/2025\/10\/Nadorffy-Dorottya-Sminktetovalo.webp","datePublished":"2025-11-03T15:34:25+00:00","dateModified":"2026-01-03T13:39:44+00:00","breadcrumb":{"@id":"https:\/\/dorottyanadorfi.com\/rolam\/#breadcrumb"},"inLanguage":"en-US","potentialAction":[{"@type":"ReadAction","target":["https:\/\/dorottyanadorfi.com\/rolam\/"]}]},{"@type":"ImageObject","inLanguage":"en-US","@id":"https:\/\/dorottyanadorfi.com\/rolam\/#primaryimage","url":"https:\/\/dorottyanadorfi.com\/wp-content\/uploads\/2025\/10\/Nadorffy-Dorottya-Sminktetovalo.webp","contentUrl":"https:\/\/dorottyanadorfi.com\/wp-content\/uploads\/2025\/10\/Nadorffy-Dorottya-Sminktetovalo.webp"},{"@type":"BreadcrumbList","@id":"https:\/\/dorottyanadorfi.com\/rolam\/#breadcrumb","itemListElement":[{"@type":"ListItem","position":1,"name":"Home","item":"https:\/\/dorottyanadorfi.com\/"},{"@type":"ListItem","position":2,"name":"R\u00f3lam"}]},{"@type":"WebSite","@id":"https:\/\/dorottyanadorfi.com\/#website","url":"https:\/\/dorottyanadorfi.com\/","name":"Dorottya N\u00e1dorfi","description":"Eyebrow tattooing for timeless beauty, naturally","publisher":{"@id":"https:\/\/dorottyanadorfi.com\/#organization"},"potentialAction":[{"@type":"SearchAction","target":{"@type":"EntryPoint","urlTemplate":"https:\/\/dorottyanadorfi.com\/?s={search_term_string}"},"query-input":{"@type":"PropertyValueSpecification","valueRequired":true,"valueName":"search_term_string"}}],"inLanguage":"en-US"},{"@type":"Organization","@id":"https:\/\/dorottyanadorfi.com\/#organization","name":"Dorottya N\u00e1dorfi","url":"https:\/\/dorottyanadorfi.com\/","logo":{"@type":"ImageObject","inLanguage":"en-US","@id":"https:\/\/dorottyanadorfi.com\/#\/schema\/logo\/image\/","url":"https:\/\/dorottyanadorfi.com\/wp-content\/uploads\/2025\/10\/4.png","contentUrl":"https:\/\/dorottyanadorfi.com\/wp-content\/uploads\/2025\/10\/4.png","width":1000,"height":1000,"caption":"N\u00e1dorfi Dorottya"},"image":{"@id":"https:\/\/dorottyanadorfi.com\/#\/schema\/logo\/image\/"}}]}},"_links":{"self":[{"href":"https:\/\/dorottyanadorfi.com\/en\/wp-json\/wp\/v2\/pages\/810","targetHints":{"allow":["GET"]}}],"collection":[{"href":"https:\/\/dorottyanadorfi.com\/en\/wp-json\/wp\/v2\/pages"}],"about":[{"href":"https:\/\/dorottyanadorfi.com\/en\/wp-json\/wp\/v2\/types\/page"}],"author":[{"embeddable":true,"href":"https:\/\/dorottyanadorfi.com\/en\/wp-json\/wp\/v2\/users\/1"}],"replies":[{"embeddable":true,"href":"https:\/\/dorottyanadorfi.com\/en\/wp-json\/wp\/v2\/comments?post=810"}],"version-history":[{"count":31,"href":"https:\/\/dorottyanadorfi.com\/en\/wp-json\/wp\/v2\/pages\/810\/revisions"}],"predecessor-version":[{"id":1492,"href":"https:\/\/dorottyanadorfi.com\/en\/wp-json\/wp\/v2\/pages\/810\/revisions\/1492"}],"wp:attachment":[{"href":"https:\/\/dorottyanadorfi.com\/en\/wp-json\/wp\/v2\/media?parent=810"}],"curies":[{"name":"wp","href":"https:\/\/api.w.org\/{rel}","templated":true}]}}