{"id":870,"date":"2025-11-10T13:59:50","date_gmt":"2025-11-10T13:59:50","guid":{"rendered":"https:\/\/dorottyanadorfi.com\/?page_id=870"},"modified":"2026-02-16T22:09:42","modified_gmt":"2026-02-16T22:09:42","slug":"idopontfoglalas","status":"publish","type":"page","link":"https:\/\/dorottyanadorfi.com\/en\/idopontfoglalas\/","title":{"rendered":"Booking"},"content":{"rendered":"<div data-elementor-type=\"wp-page\" data-elementor-id=\"870\" class=\"elementor elementor-870\" data-elementor-post-type=\"page\">\n\t\t\t\t\t\t<section class=\"elementor-section elementor-top-section elementor-element elementor-element-29c5557 elementor-section-height-min-height elementor-section-boxed elementor-section-height-default elementor-section-items-middle\" data-id=\"29c5557\" data-element_type=\"section\" data-e-type=\"section\" data-settings=\"{&quot;background_background&quot;:&quot;classic&quot;}\">\n\t\t\t\t\t\t\t<div class=\"elementor-background-overlay\"><\/div>\n\t\t\t\t\t\t\t<div class=\"elementor-container elementor-column-gap-no\">\n\t\t\t\t\t<div class=\"elementor-column elementor-col-100 elementor-top-column elementor-element elementor-element-49f55a5\" data-id=\"49f55a5\" data-element_type=\"column\" data-e-type=\"column\">\n\t\t\t<div class=\"elementor-widget-wrap elementor-element-populated\">\n\t\t\t\t\t\t<div class=\"elementor-element elementor-element-7438ba2 elementor-invisible elementor-widget elementor-widget-heading\" data-id=\"7438ba2\" data-element_type=\"widget\" data-e-type=\"widget\" data-settings=\"{&quot;_animation&quot;:&quot;fadeInUp&quot;}\" data-widget_type=\"heading.default\">\n\t\t\t\t<div class=\"elementor-widget-container\">\n\t\t\t\t\t<h2 class=\"elementor-heading-title elementor-size-default\">Booking<\/h2>\t\t\t\t<\/div>\n\t\t\t\t<\/div>\n\t\t\t\t\t<\/div>\n\t\t<\/div>\n\t\t\t\t\t<\/div>\n\t\t<\/section>\n\t\t<div class=\"elementor-element elementor-element-c621283 e-flex e-con-boxed e-con e-parent\" data-id=\"c621283\" data-element_type=\"container\" data-e-type=\"container\" data-settings=\"{&quot;background_background&quot;:&quot;classic&quot;}\">\n\t\t\t\t\t<div class=\"e-con-inner\">\n\t\t<div class=\"elementor-element elementor-element-e4eaa7d e-con-full e-flex e-con e-child\" data-id=\"e4eaa7d\" data-element_type=\"container\" data-e-type=\"container\">\n\t\t\t\t<div class=\"elementor-element elementor-element-f8b70bb elementor-widget elementor-widget-heading\" data-id=\"f8b70bb\" data-element_type=\"widget\" data-e-type=\"widget\" data-widget_type=\"heading.default\">\n\t\t\t\t<div class=\"elementor-widget-container\">\n\t\t\t\t\t<h2 class=\"elementor-heading-title elementor-size-default\">Make-up tattoo - PMU<\/h2>\t\t\t\t<\/div>\n\t\t\t\t<\/div>\n\t\t\t\t<div class=\"elementor-element elementor-element-ed4721a elementor-mobile-align-center elementor-invisible elementor-widget elementor-widget-button\" data-id=\"ed4721a\" data-element_type=\"widget\" data-e-type=\"widget\" data-settings=\"{&quot;_animation&quot;:&quot;fadeIn&quot;}\" data-widget_type=\"button.default\">\n\t\t\t\t<div class=\"elementor-widget-container\">\n\t\t\t\t\t\t\t\t\t<div class=\"elementor-button-wrapper\">\n\t\t\t\t\t<a class=\"elementor-button elementor-button-link elementor-size-sm elementor-animation-bob\" href=\"#elementor-action%3Aaction%3Dpopup%3Aopen%26settings%3DeyJpZCI6IjE2MjYiLCJ0b2dnbGUiOmZhbHNlfQ%3D%3D\" target=\"_blank\">\n\t\t\t\t\t\t<span class=\"elementor-button-content-wrapper\">\n\t\t\t\t\t\t<span class=\"elementor-button-icon\">\n\t\t\t\t<svg aria-hidden=\"true\" class=\"e-font-icon-svg e-fas-angle-right\" viewbox=\"0 0 256 512\" xmlns=\"http:\/\/www.w3.org\/2000\/svg\"><path d=\"M224.3 273l-136 136c-9.4 9.4-24.6 9.4-33.9 0l-22.6-22.6c-9.4-9.4-9.4-24.6 0-33.9l96.4-96.4-96.4-96.4c-9.4-9.4-9.4-24.6 0-33.9L54.3 103c9.4-9.4 24.6-9.4 33.9 0l136 136c9.5 9.4 9.5 24.6.1 34z\"><\/path><\/svg>\t\t\t<\/span>\n\t\t\t\t\t\t\t\t\t<span class=\"elementor-button-text\">I'LL BOOK MY PLACE<\/span>\n\t\t\t\t\t<\/span>\n\t\t\t\t\t<\/a>\n\t\t\t\t<\/div>\n\t\t\t\t\t\t\t\t<\/div>\n\t\t\t\t<\/div>\n\t\t\t\t<\/div>\n\t\t<div class=\"elementor-element elementor-element-5cbd78f e-con-full e-flex e-con e-child\" data-id=\"5cbd78f\" data-element_type=\"container\" data-e-type=\"container\">\n\t\t\t\t<div class=\"elementor-element elementor-element-217ed11 elementor-widget elementor-widget-heading\" data-id=\"217ed11\" data-element_type=\"widget\" data-e-type=\"widget\" data-widget_type=\"heading.default\">\n\t\t\t\t<div class=\"elementor-widget-container\">\n\t\t\t\t\t<h2 class=\"elementor-heading-title elementor-size-default\">Eyebrow Styling<\/h2>\t\t\t\t<\/div>\n\t\t\t\t<\/div>\n\t\t\t\t<div class=\"elementor-element elementor-element-2e5b725 elementor-mobile-align-center elementor-invisible elementor-widget elementor-widget-button\" data-id=\"2e5b725\" data-element_type=\"widget\" data-e-type=\"widget\" data-settings=\"{&quot;_animation&quot;:&quot;fadeIn&quot;}\" data-widget_type=\"button.default\">\n\t\t\t\t<div class=\"elementor-widget-container\">\n\t\t\t\t\t\t\t\t\t<div class=\"elementor-button-wrapper\">\n\t\t\t\t\t<a class=\"elementor-button elementor-button-link elementor-size-sm elementor-animation-bob\" href=\"#elementor-action%3Aaction%3Dpopup%3Aopen%26settings%3DeyJpZCI6IjE2MzIiLCJ0b2dnbGUiOmZhbHNlfQ%3D%3D\" target=\"_blank\">\n\t\t\t\t\t\t<span class=\"elementor-button-content-wrapper\">\n\t\t\t\t\t\t<span class=\"elementor-button-icon\">\n\t\t\t\t<svg aria-hidden=\"true\" class=\"e-font-icon-svg e-fas-angle-right\" viewbox=\"0 0 256 512\" xmlns=\"http:\/\/www.w3.org\/2000\/svg\"><path d=\"M224.3 273l-136 136c-9.4 9.4-24.6 9.4-33.9 0l-22.6-22.6c-9.4-9.4-9.4-24.6 0-33.9l96.4-96.4-96.4-96.4c-9.4-9.4-9.4-24.6 0-33.9L54.3 103c9.4-9.4 24.6-9.4 33.9 0l136 136c9.5 9.4 9.5 24.6.1 34z\"><\/path><\/svg>\t\t\t<\/span>\n\t\t\t\t\t\t\t\t\t<span class=\"elementor-button-text\">I'LL BOOK MY PLACE<\/span>\n\t\t\t\t\t<\/span>\n\t\t\t\t\t<\/a>\n\t\t\t\t<\/div>\n\t\t\t\t\t\t\t\t<\/div>\n\t\t\t\t<\/div>\n\t\t\t\t<\/div>\n\t\t\t\t\t<\/div>\n\t\t\t\t<\/div>\n\t\t<div class=\"elementor-element elementor-element-f2e7a2d elementor-hidden-desktop elementor-hidden-tablet elementor-hidden-mobile e-flex e-con-boxed e-con e-parent\" data-id=\"f2e7a2d\" data-element_type=\"container\" data-e-type=\"container\" data-settings=\"{&quot;background_background&quot;:&quot;classic&quot;}\">\n\t\t\t\t\t<div class=\"e-con-inner\">\n\t\t\t\t<div class=\"elementor-element elementor-element-933287b elementor-widget elementor-widget-html\" data-id=\"933287b\" data-element_type=\"widget\" data-e-type=\"widget\" data-widget_type=\"html.default\">\n\t\t\t\t<div class=\"elementor-widget-container\">\n\t\t\t\t\t<div id=\"flybuilt-wrapper\" style=\"width:100%; overflow:visible;\">\r\n<iframe\r\nsrc=\"https:\/\/api.flybuilt.hu\/widget\/service-menu\/69131055d31659267cf6f528\"\r\nid=\"flybuilt_iframe\"\r\nstyle=\"width:100%; border:0; height:1px; min-height:100vh; overflow:hidden;\"\r\nscrolling=\"no\">\r\n<\/iframe>\r\n<\/div>\r\n\r\n<script src=\"https:\/\/api.flybuilt.hu\/js\/form_embed.js\"><\/script>\r\n\r\n<script>\r\nwindow.addEventListener(\"message\", function(event) {\r\nif (event.data && event.data.height) {\r\ndocument.getElementById(\"flybuilt_iframe\").style.height = event.data.height + \"px\";\r\n}\r\n});\r\n<\/script>\t\t\t\t<\/div>\n\t\t\t\t<\/div>\n\t\t\t\t\t<\/div>\n\t\t\t\t<\/div>\n\t\t<div class=\"elementor-element elementor-element-3884f3e elementor-hidden-desktop elementor-hidden-tablet elementor-hidden-mobile e-flex e-con-boxed e-con e-parent\" data-id=\"3884f3e\" data-element_type=\"container\" data-e-type=\"container\" data-settings=\"{&quot;background_background&quot;:&quot;classic&quot;}\">\n\t\t\t\t\t<div class=\"e-con-inner\">\n\t\t\t\t<div class=\"elementor-element elementor-element-efad940 elementor-widget elementor-widget-html\" data-id=\"efad940\" data-element_type=\"widget\" data-e-type=\"widget\" data-widget_type=\"html.default\">\n\t\t\t\t<div class=\"elementor-widget-container\">\n\t\t\t\t\t<div id=\"flybuilt-wrapper-6914727e25d02464aebfa0de\" style=\"width:100%; overflow:visible;\">\r\n<iframe\r\nsrc=\"https:\/\/api.flybuilt.hu\/widget\/service-menu\/6914727e25d02464aebfa0de\"\r\nid=\"flybuilt_iframe_6914727e25d02464aebfa0de\"\r\nstyle=\"width:100%; border:0; height:1px; min-height:100vh; overflow:hidden;\"\r\nscrolling=\"no\">\r\n<\/iframe>\r\n<\/div>\r\n\r\n<script src=\"https:\/\/api.flybuilt.hu\/js\/form_embed.js\" type=\"text\/javascript\"><\/script>\r\n\r\n<script>\r\nwindow.addEventListener(\"message\", function(event) {\r\nif (event.data && event.data.height) {\r\ndocument.getElementById(\"flybuilt_iframe_6914727e25d02464aebfa0de\").style.height = event.data.height + \"px\";\r\n}\r\n});\r\n<\/script>\t\t\t\t<\/div>\n\t\t\t\t<\/div>\n\t\t\t\t\t<\/div>\n\t\t\t\t<\/div>\n\t\t\t\t<\/div>","protected":false},"excerpt":{"rendered":"<p>Reservation Make-up tattoo - PMU PAGE TO THE LOCATION Eyebrow Styling PAGE TO THE LOCATION<\/p>","protected":false},"author":1,"featured_media":0,"parent":0,"menu_order":0,"comment_status":"closed","ping_status":"closed","template":"elementor_header_footer","meta":{"footnotes":""},"class_list":["post-870","page","type-page","status-publish","hentry"],"yoast_head":"<!-- This site is optimized with the Yoast SEO plugin v27.3 - https:\/\/yoast.com\/product\/yoast-seo-wordpress\/ -->\n<title>Id\u0151pontfoglal\u00e1s - N\u00e1dorfi Dorottya<\/title>\n<meta name=\"robots\" content=\"index, follow, max-snippet:-1, max-image-preview:large, max-video-preview:-1\" \/>\n<link rel=\"canonical\" href=\"https:\/\/dorottyanadorfi.com\/en\/idopontfoglalas\/\" \/>\n<meta property=\"og:locale\" content=\"en_US\" \/>\n<meta property=\"og:type\" content=\"article\" \/>\n<meta property=\"og:title\" content=\"Id\u0151pontfoglal\u00e1s - N\u00e1dorfi Dorottya\" \/>\n<meta property=\"og:description\" content=\"Id\u0151pontfoglal\u00e1s Sminktetov\u00e1l\u00e1s &#8211; PMU LEFOGLALOM A HELYEM Szem\u00f6ld\u00f6k Styling LEFOGLALOM A HELYEM\" \/>\n<meta property=\"og:url\" content=\"https:\/\/dorottyanadorfi.com\/en\/idopontfoglalas\/\" \/>\n<meta property=\"og:site_name\" content=\"N\u00e1dorfi Dorottya\" \/>\n<meta property=\"article:modified_time\" content=\"2026-02-16T22:09:42+00:00\" \/>\n<meta name=\"twitter:card\" content=\"summary_large_image\" \/>\n<meta name=\"twitter:label1\" content=\"Est. reading time\" \/>\n\t<meta name=\"twitter:data1\" content=\"1 minute\" \/>\n<script type=\"application\/ld+json\" class=\"yoast-schema-graph\">{\"@context\":\"https:\\\/\\\/schema.org\",\"@graph\":[{\"@type\":\"WebPage\",\"@id\":\"https:\\\/\\\/dorottyanadorfi.com\\\/idopontfoglalas\\\/\",\"url\":\"https:\\\/\\\/dorottyanadorfi.com\\\/idopontfoglalas\\\/\",\"name\":\"Id\u0151pontfoglal\u00e1s - N\u00e1dorfi Dorottya\",\"isPartOf\":{\"@id\":\"https:\\\/\\\/dorottyanadorfi.com\\\/#website\"},\"datePublished\":\"2025-11-10T13:59:50+00:00\",\"dateModified\":\"2026-02-16T22:09:42+00:00\",\"breadcrumb\":{\"@id\":\"https:\\\/\\\/dorottyanadorfi.com\\\/idopontfoglalas\\\/#breadcrumb\"},\"inLanguage\":\"en-US\",\"potentialAction\":[{\"@type\":\"ReadAction\",\"target\":[\"https:\\\/\\\/dorottyanadorfi.com\\\/idopontfoglalas\\\/\"]}]},{\"@type\":\"BreadcrumbList\",\"@id\":\"https:\\\/\\\/dorottyanadorfi.com\\\/idopontfoglalas\\\/#breadcrumb\",\"itemListElement\":[{\"@type\":\"ListItem\",\"position\":1,\"name\":\"Home\",\"item\":\"https:\\\/\\\/dorottyanadorfi.com\\\/\"},{\"@type\":\"ListItem\",\"position\":2,\"name\":\"Id\u0151pontfoglal\u00e1s\"}]},{\"@type\":\"WebSite\",\"@id\":\"https:\\\/\\\/dorottyanadorfi.com\\\/#website\",\"url\":\"https:\\\/\\\/dorottyanadorfi.com\\\/\",\"name\":\"N\u00e1dorfi Dorottya\",\"description\":\"Szem\u00f6ld\u00f6ktetov\u00e1l\u00e1s az id\u0151t\u00e1ll\u00f3 sz\u00e9ps\u00e9g\u00e9rt, term\u00e9szetesen\",\"publisher\":{\"@id\":\"https:\\\/\\\/dorottyanadorfi.com\\\/#organization\"},\"potentialAction\":[{\"@type\":\"SearchAction\",\"target\":{\"@type\":\"EntryPoint\",\"urlTemplate\":\"https:\\\/\\\/dorottyanadorfi.com\\\/?s={search_term_string}\"},\"query-input\":{\"@type\":\"PropertyValueSpecification\",\"valueRequired\":true,\"valueName\":\"search_term_string\"}}],\"inLanguage\":\"en-US\"},{\"@type\":\"Organization\",\"@id\":\"https:\\\/\\\/dorottyanadorfi.com\\\/#organization\",\"name\":\"N\u00e1dorfi Dorottya\",\"url\":\"https:\\\/\\\/dorottyanadorfi.com\\\/\",\"logo\":{\"@type\":\"ImageObject\",\"inLanguage\":\"en-US\",\"@id\":\"https:\\\/\\\/dorottyanadorfi.com\\\/#\\\/schema\\\/logo\\\/image\\\/\",\"url\":\"https:\\\/\\\/dorottyanadorfi.com\\\/wp-content\\\/uploads\\\/2025\\\/10\\\/4.png\",\"contentUrl\":\"https:\\\/\\\/dorottyanadorfi.com\\\/wp-content\\\/uploads\\\/2025\\\/10\\\/4.png\",\"width\":1000,\"height\":1000,\"caption\":\"N\u00e1dorfi Dorottya\"},\"image\":{\"@id\":\"https:\\\/\\\/dorottyanadorfi.com\\\/#\\\/schema\\\/logo\\\/image\\\/\"}}]}<\/script>\n<!-- \/ Yoast SEO plugin. -->","yoast_head_json":{"title":"Booking - N\u00e1dorfi Dorottya","robots":{"index":"index","follow":"follow","max-snippet":"max-snippet:-1","max-image-preview":"max-image-preview:large","max-video-preview":"max-video-preview:-1"},"canonical":"https:\/\/dorottyanadorfi.com\/en\/idopontfoglalas\/","og_locale":"en_US","og_type":"article","og_title":"Id\u0151pontfoglal\u00e1s - N\u00e1dorfi Dorottya","og_description":"Id\u0151pontfoglal\u00e1s Sminktetov\u00e1l\u00e1s &#8211; PMU LEFOGLALOM A HELYEM Szem\u00f6ld\u00f6k Styling LEFOGLALOM A HELYEM","og_url":"https:\/\/dorottyanadorfi.com\/en\/idopontfoglalas\/","og_site_name":"N\u00e1dorfi Dorottya","article_modified_time":"2026-02-16T22:09:42+00:00","twitter_card":"summary_large_image","twitter_misc":{"Est. reading time":"1 minute"},"schema":{"@context":"https:\/\/schema.org","@graph":[{"@type":"WebPage","@id":"https:\/\/dorottyanadorfi.com\/idopontfoglalas\/","url":"https:\/\/dorottyanadorfi.com\/idopontfoglalas\/","name":"Booking - N\u00e1dorfi Dorottya","isPartOf":{"@id":"https:\/\/dorottyanadorfi.com\/#website"},"datePublished":"2025-11-10T13:59:50+00:00","dateModified":"2026-02-16T22:09:42+00:00","breadcrumb":{"@id":"https:\/\/dorottyanadorfi.com\/idopontfoglalas\/#breadcrumb"},"inLanguage":"en-US","potentialAction":[{"@type":"ReadAction","target":["https:\/\/dorottyanadorfi.com\/idopontfoglalas\/"]}]},{"@type":"BreadcrumbList","@id":"https:\/\/dorottyanadorfi.com\/idopontfoglalas\/#breadcrumb","itemListElement":[{"@type":"ListItem","position":1,"name":"Home","item":"https:\/\/dorottyanadorfi.com\/"},{"@type":"ListItem","position":2,"name":"Id\u0151pontfoglal\u00e1s"}]},{"@type":"WebSite","@id":"https:\/\/dorottyanadorfi.com\/#website","url":"https:\/\/dorottyanadorfi.com\/","name":"Dorottya N\u00e1dorfi","description":"Eyebrow tattooing for timeless beauty, naturally","publisher":{"@id":"https:\/\/dorottyanadorfi.com\/#organization"},"potentialAction":[{"@type":"SearchAction","target":{"@type":"EntryPoint","urlTemplate":"https:\/\/dorottyanadorfi.com\/?s={search_term_string}"},"query-input":{"@type":"PropertyValueSpecification","valueRequired":true,"valueName":"search_term_string"}}],"inLanguage":"en-US"},{"@type":"Organization","@id":"https:\/\/dorottyanadorfi.com\/#organization","name":"Dorottya N\u00e1dorfi","url":"https:\/\/dorottyanadorfi.com\/","logo":{"@type":"ImageObject","inLanguage":"en-US","@id":"https:\/\/dorottyanadorfi.com\/#\/schema\/logo\/image\/","url":"https:\/\/dorottyanadorfi.com\/wp-content\/uploads\/2025\/10\/4.png","contentUrl":"https:\/\/dorottyanadorfi.com\/wp-content\/uploads\/2025\/10\/4.png","width":1000,"height":1000,"caption":"N\u00e1dorfi Dorottya"},"image":{"@id":"https:\/\/dorottyanadorfi.com\/#\/schema\/logo\/image\/"}}]}},"_links":{"self":[{"href":"https:\/\/dorottyanadorfi.com\/en\/wp-json\/wp\/v2\/pages\/870","targetHints":{"allow":["GET"]}}],"collection":[{"href":"https:\/\/dorottyanadorfi.com\/en\/wp-json\/wp\/v2\/pages"}],"about":[{"href":"https:\/\/dorottyanadorfi.com\/en\/wp-json\/wp\/v2\/types\/page"}],"author":[{"embeddable":true,"href":"https:\/\/dorottyanadorfi.com\/en\/wp-json\/wp\/v2\/users\/1"}],"replies":[{"embeddable":true,"href":"https:\/\/dorottyanadorfi.com\/en\/wp-json\/wp\/v2\/comments?post=870"}],"version-history":[{"count":82,"href":"https:\/\/dorottyanadorfi.com\/en\/wp-json\/wp\/v2\/pages\/870\/revisions"}],"predecessor-version":[{"id":1637,"href":"https:\/\/dorottyanadorfi.com\/en\/wp-json\/wp\/v2\/pages\/870\/revisions\/1637"}],"wp:attachment":[{"href":"https:\/\/dorottyanadorfi.com\/en\/wp-json\/wp\/v2\/media?parent=870"}],"curies":[{"name":"wp","href":"https:\/\/api.w.org\/{rel}","templated":true}]}}